{"id":102,"date":"2014-06-16T08:23:48","date_gmt":"2014-06-16T13:23:48","guid":{"rendered":"http:\/\/delfscolairemb.ca\/le-delf-scolaire-2\/"},"modified":"2014-08-31T21:29:52","modified_gmt":"2014-09-01T02:29:52","slug":"le-delf-scolaire-2","status":"publish","type":"page","link":"https:\/\/delfscolairemb.ca\/fr\/le-delf-scolaire-2\/","title":{"rendered":"POURQUOI FAIRE L\u2019\u00c9VALUATION DELF?"},"content":{"rendered":"<p><img loading=\"lazy\" decoding=\"async\" src=\"http:\/\/delfscolairemb.ca\/wp-content\/uploads\/2014\/06\/kids-pointing-out-of-computer-large.jpg\" alt=\"Students pointing at me\" width=\"1454\" height=\"933\" class=\"aligncenter size-full wp-image-9\" srcset=\"https:\/\/delfscolairemb.ca\/wp-content\/uploads\/2014\/06\/kids-pointing-out-of-computer-large.jpg 1454w, https:\/\/delfscolairemb.ca\/wp-content\/uploads\/2014\/06\/kids-pointing-out-of-computer-large-300x192.jpg 300w, https:\/\/delfscolairemb.ca\/wp-content\/uploads\/2014\/06\/kids-pointing-out-of-computer-large-1024x657.jpg 1024w, https:\/\/delfscolairemb.ca\/wp-content\/uploads\/2014\/06\/kids-pointing-out-of-computer-large-624x400.jpg 624w\" sizes=\"auto, (max-width: 1454px) 100vw, 1454px\" \/><br \/>\nL\u2019\u00e9valuation de la ma\u00eetrise des savoir-faire en fran\u00e7ais langue seconde \u00e0 l\u2019aide du DELF fournit des informations suppl\u00e9mentaires sur les comp\u00e9tences linguistiques de l\u2019\u00e9l\u00e8ve, tel que mesur\u00e9 par un outil \u00e9tabli et reconnu \u00e0 l\u2019\u00e9chelle internationale. Au Canada, de nombreuses divisions scolaires utilisent les r\u00e9sultats du DELF pour aider \u00e0 \u00e9valuer l\u2019efficacit\u00e9 de leurs programmes de fran\u00e7ais.<\/p>\n<h3><strong>POURQUOI OBTENIR UN DIPL\u00d4ME DELF? <\/strong><\/h3>\n<ul>\n<li>Le DELF mesure et certifie votre ma\u00eetrise de la langue fran\u00e7aise \u00e0 l\u2019aide d\u2019un outil \u00e9tabli et reconnu \u00e0 l\u2019\u00e9chelle internationale.<\/li>\n<li>Le DELF a aujourd\u2019hui valeur de \u00ab monnaie \u00bb de la langue fran\u00e7aise \u00e0 l\u2019\u00e9chelle globale. Il correspond aux normes linguistiques internationales.<\/li>\n<li>La ma\u00eetrise d\u2019une langue suppl\u00e9mentaire est un atout et le dipl\u00f4me DELF am\u00e9liore vos chances de succ\u00e8s dans vos \u00e9tudes, votre milieu de travail ou dans toute autre activit\u00e9 de votre choix.<\/li>\n<li>Le DELF B2 r\u00e9pond aux crit\u00e8res d\u2019admissibilit\u00e9 li\u00e9s \u00e0 la langue dans les universit\u00e9s en France, et de plus en plus dans les universit\u00e9s francophones au Canada.<\/li>\n<\/ul>\n","protected":false},"excerpt":{"rendered":"<p>L\u2019\u00e9valuation de la ma\u00eetrise des savoir-faire en fran\u00e7ais langue seconde \u00e0 l\u2019aide du DELF fournit des informations suppl\u00e9mentaires sur les comp\u00e9tences linguistiques de l\u2019\u00e9l\u00e8ve, tel que mesur\u00e9 par un outil \u00e9tabli et reconnu \u00e0 l\u2019\u00e9chelle internationale. Au Canada, de nombreuses divisions scolaires utilisent les r\u00e9sultats du DELF pour aider \u00e0 \u00e9valuer l\u2019efficacit\u00e9 de leurs programmes &hellip; <a href=\"https:\/\/delfscolairemb.ca\/fr\/le-delf-scolaire-2\/\" class=\"more-link\">Continue reading <span class=\"screen-reader-text\">POURQUOI FAIRE L\u2019\u00c9VALUATION DELF?<\/span> <span class=\"meta-nav\">&rarr;<\/span><\/a><\/p>\n","protected":false},"author":1,"featured_media":0,"parent":0,"menu_order":0,"comment_status":"closed","ping_status":"closed","template":"","meta":{"footnotes":""},"class_list":["post-102","page","type-page","status-publish","hentry"],"yoast_head":"<!-- This site is optimized with the Yoast SEO plugin v27.4 - https:\/\/yoast.com\/product\/yoast-seo-wordpress\/ -->\n<title>POURQUOI FAIRE L\u2019\u00c9VALUATION DELF? - Centre DELF des divisions scolaires du Manitoba<\/title>\n<meta name=\"robots\" content=\"index, follow, max-snippet:-1, max-image-preview:large, max-video-preview:-1\" \/>\n<link rel=\"canonical\" href=\"https:\/\/delfscolairemb.ca\/fr\/le-delf-scolaire-2\/\" \/>\n<meta name=\"twitter:label1\" content=\"Est. reading time\" \/>\n\t<meta name=\"twitter:data1\" content=\"1 minute\" \/>\n<script type=\"application\/ld+json\" class=\"yoast-schema-graph\">{\"@context\":\"https:\\\/\\\/schema.org\",\"@graph\":[{\"@type\":\"WebPage\",\"@id\":\"https:\\\/\\\/delfscolairemb.ca\\\/fr\\\/le-delf-scolaire-2\\\/\",\"url\":\"https:\\\/\\\/delfscolairemb.ca\\\/fr\\\/le-delf-scolaire-2\\\/\",\"name\":\"POURQUOI FAIRE L\u2019\u00c9VALUATION DELF? - Centre DELF des divisions scolaires du Manitoba\",\"isPartOf\":{\"@id\":\"https:\\\/\\\/delfscolairemb.ca\\\/#website\"},\"primaryImageOfPage\":{\"@id\":\"https:\\\/\\\/delfscolairemb.ca\\\/fr\\\/le-delf-scolaire-2\\\/#primaryimage\"},\"image\":{\"@id\":\"https:\\\/\\\/delfscolairemb.ca\\\/fr\\\/le-delf-scolaire-2\\\/#primaryimage\"},\"thumbnailUrl\":\"http:\\\/\\\/delfscolairemb.ca\\\/wp-content\\\/uploads\\\/2014\\\/06\\\/kids-pointing-out-of-computer-large.jpg\",\"datePublished\":\"2014-06-16T13:23:48+00:00\",\"dateModified\":\"2014-09-01T02:29:52+00:00\",\"breadcrumb\":{\"@id\":\"https:\\\/\\\/delfscolairemb.ca\\\/fr\\\/le-delf-scolaire-2\\\/#breadcrumb\"},\"inLanguage\":\"fr-FR\",\"potentialAction\":[{\"@type\":\"ReadAction\",\"target\":[\"https:\\\/\\\/delfscolairemb.ca\\\/fr\\\/le-delf-scolaire-2\\\/\"]}]},{\"@type\":\"ImageObject\",\"inLanguage\":\"fr-FR\",\"@id\":\"https:\\\/\\\/delfscolairemb.ca\\\/fr\\\/le-delf-scolaire-2\\\/#primaryimage\",\"url\":\"http:\\\/\\\/delfscolairemb.ca\\\/wp-content\\\/uploads\\\/2014\\\/06\\\/kids-pointing-out-of-computer-large.jpg\",\"contentUrl\":\"http:\\\/\\\/delfscolairemb.ca\\\/wp-content\\\/uploads\\\/2014\\\/06\\\/kids-pointing-out-of-computer-large.jpg\"},{\"@type\":\"BreadcrumbList\",\"@id\":\"https:\\\/\\\/delfscolairemb.ca\\\/fr\\\/le-delf-scolaire-2\\\/#breadcrumb\",\"itemListElement\":[{\"@type\":\"ListItem\",\"position\":1,\"name\":\"Home\",\"item\":\"https:\\\/\\\/delfscolairemb.ca\\\/fr\\\/home\\\/\"},{\"@type\":\"ListItem\",\"position\":2,\"name\":\"POURQUOI FAIRE L\u2019\u00c9VALUATION DELF?\"}]},{\"@type\":\"WebSite\",\"@id\":\"https:\\\/\\\/delfscolairemb.ca\\\/#website\",\"url\":\"https:\\\/\\\/delfscolairemb.ca\\\/\",\"name\":\"Centre DELF des divisions scolaires du Manitoba\",\"description\":\"Centre DELF des divisions scolaires du Manitoba\",\"publisher\":{\"@id\":\"https:\\\/\\\/delfscolairemb.ca\\\/#organization\"},\"potentialAction\":[{\"@type\":\"SearchAction\",\"target\":{\"@type\":\"EntryPoint\",\"urlTemplate\":\"https:\\\/\\\/delfscolairemb.ca\\\/?s={search_term_string}\"},\"query-input\":{\"@type\":\"PropertyValueSpecification\",\"valueRequired\":true,\"valueName\":\"search_term_string\"}}],\"inLanguage\":\"fr-FR\"},{\"@type\":\"Organization\",\"@id\":\"https:\\\/\\\/delfscolairemb.ca\\\/#organization\",\"name\":\"Centre DELF des divisions scolaires du Manitoba\",\"url\":\"https:\\\/\\\/delfscolairemb.ca\\\/\",\"logo\":{\"@type\":\"ImageObject\",\"inLanguage\":\"fr-FR\",\"@id\":\"https:\\\/\\\/delfscolairemb.ca\\\/#\\\/schema\\\/logo\\\/image\\\/\",\"url\":\"http:\\\/\\\/delfscolairemb.ca\\\/wp-content\\\/uploads\\\/2014\\\/07\\\/DELF-mb-logo-black-200.png\",\"contentUrl\":\"http:\\\/\\\/delfscolairemb.ca\\\/wp-content\\\/uploads\\\/2014\\\/07\\\/DELF-mb-logo-black-200.png\",\"width\":200,\"height\":197,\"caption\":\"Centre DELF des divisions scolaires du Manitoba\"},\"image\":{\"@id\":\"https:\\\/\\\/delfscolairemb.ca\\\/#\\\/schema\\\/logo\\\/image\\\/\"}}]}<\/script>\n<!-- \/ Yoast SEO plugin. -->","yoast_head_json":{"title":"POURQUOI FAIRE L\u2019\u00c9VALUATION DELF? - Centre DELF des divisions scolaires du Manitoba","robots":{"index":"index","follow":"follow","max-snippet":"max-snippet:-1","max-image-preview":"max-image-preview:large","max-video-preview":"max-video-preview:-1"},"canonical":"https:\/\/delfscolairemb.ca\/fr\/le-delf-scolaire-2\/","twitter_misc":{"Est. reading time":"1 minute"},"schema":{"@context":"https:\/\/schema.org","@graph":[{"@type":"WebPage","@id":"https:\/\/delfscolairemb.ca\/fr\/le-delf-scolaire-2\/","url":"https:\/\/delfscolairemb.ca\/fr\/le-delf-scolaire-2\/","name":"POURQUOI FAIRE L\u2019\u00c9VALUATION DELF? - Centre DELF des divisions scolaires du Manitoba","isPartOf":{"@id":"https:\/\/delfscolairemb.ca\/#website"},"primaryImageOfPage":{"@id":"https:\/\/delfscolairemb.ca\/fr\/le-delf-scolaire-2\/#primaryimage"},"image":{"@id":"https:\/\/delfscolairemb.ca\/fr\/le-delf-scolaire-2\/#primaryimage"},"thumbnailUrl":"http:\/\/delfscolairemb.ca\/wp-content\/uploads\/2014\/06\/kids-pointing-out-of-computer-large.jpg","datePublished":"2014-06-16T13:23:48+00:00","dateModified":"2014-09-01T02:29:52+00:00","breadcrumb":{"@id":"https:\/\/delfscolairemb.ca\/fr\/le-delf-scolaire-2\/#breadcrumb"},"inLanguage":"fr-FR","potentialAction":[{"@type":"ReadAction","target":["https:\/\/delfscolairemb.ca\/fr\/le-delf-scolaire-2\/"]}]},{"@type":"ImageObject","inLanguage":"fr-FR","@id":"https:\/\/delfscolairemb.ca\/fr\/le-delf-scolaire-2\/#primaryimage","url":"http:\/\/delfscolairemb.ca\/wp-content\/uploads\/2014\/06\/kids-pointing-out-of-computer-large.jpg","contentUrl":"http:\/\/delfscolairemb.ca\/wp-content\/uploads\/2014\/06\/kids-pointing-out-of-computer-large.jpg"},{"@type":"BreadcrumbList","@id":"https:\/\/delfscolairemb.ca\/fr\/le-delf-scolaire-2\/#breadcrumb","itemListElement":[{"@type":"ListItem","position":1,"name":"Home","item":"https:\/\/delfscolairemb.ca\/fr\/home\/"},{"@type":"ListItem","position":2,"name":"POURQUOI FAIRE L\u2019\u00c9VALUATION DELF?"}]},{"@type":"WebSite","@id":"https:\/\/delfscolairemb.ca\/#website","url":"https:\/\/delfscolairemb.ca\/","name":"Centre DELF des divisions scolaires du Manitoba","description":"Centre DELF des divisions scolaires du Manitoba","publisher":{"@id":"https:\/\/delfscolairemb.ca\/#organization"},"potentialAction":[{"@type":"SearchAction","target":{"@type":"EntryPoint","urlTemplate":"https:\/\/delfscolairemb.ca\/?s={search_term_string}"},"query-input":{"@type":"PropertyValueSpecification","valueRequired":true,"valueName":"search_term_string"}}],"inLanguage":"fr-FR"},{"@type":"Organization","@id":"https:\/\/delfscolairemb.ca\/#organization","name":"Centre DELF des divisions scolaires du Manitoba","url":"https:\/\/delfscolairemb.ca\/","logo":{"@type":"ImageObject","inLanguage":"fr-FR","@id":"https:\/\/delfscolairemb.ca\/#\/schema\/logo\/image\/","url":"http:\/\/delfscolairemb.ca\/wp-content\/uploads\/2014\/07\/DELF-mb-logo-black-200.png","contentUrl":"http:\/\/delfscolairemb.ca\/wp-content\/uploads\/2014\/07\/DELF-mb-logo-black-200.png","width":200,"height":197,"caption":"Centre DELF des divisions scolaires du Manitoba"},"image":{"@id":"https:\/\/delfscolairemb.ca\/#\/schema\/logo\/image\/"}}]}},"_links":{"self":[{"href":"https:\/\/delfscolairemb.ca\/fr\/wp-json\/wp\/v2\/pages\/102","targetHints":{"allow":["GET"]}}],"collection":[{"href":"https:\/\/delfscolairemb.ca\/fr\/wp-json\/wp\/v2\/pages"}],"about":[{"href":"https:\/\/delfscolairemb.ca\/fr\/wp-json\/wp\/v2\/types\/page"}],"author":[{"embeddable":true,"href":"https:\/\/delfscolairemb.ca\/fr\/wp-json\/wp\/v2\/users\/1"}],"replies":[{"embeddable":true,"href":"https:\/\/delfscolairemb.ca\/fr\/wp-json\/wp\/v2\/comments?post=102"}],"version-history":[{"count":5,"href":"https:\/\/delfscolairemb.ca\/fr\/wp-json\/wp\/v2\/pages\/102\/revisions"}],"predecessor-version":[{"id":421,"href":"https:\/\/delfscolairemb.ca\/fr\/wp-json\/wp\/v2\/pages\/102\/revisions\/421"}],"wp:attachment":[{"href":"https:\/\/delfscolairemb.ca\/fr\/wp-json\/wp\/v2\/media?parent=102"}],"curies":[{"name":"wp","href":"https:\/\/api.w.org\/{rel}","templated":true}]}}