{"id":382,"date":"2014-08-31T20:12:00","date_gmt":"2014-09-01T01:12:00","guid":{"rendered":"http:\/\/delfscolairemb.ca\/?page_id=382"},"modified":"2024-01-31T11:23:32","modified_gmt":"2024-01-31T17:23:32","slug":"propos","status":"publish","type":"page","link":"https:\/\/delfscolairemb.ca\/fr\/propos\/","title":{"rendered":"\u00c0 PROPOS"},"content":{"rendered":"<p><b><strong>Qui nous sommes<\/strong>\u00a0\u00a0<img loading=\"lazy\" decoding=\"async\" class=\"wp-image-307 alignright\" src=\"http:\/\/delfscolairemb.ca\/wp-content\/uploads\/2014\/07\/DELF-mb-logo-black-200.png\" alt=\"DELF Manitoba logo\" width=\"200\" height=\"197\" \/><\/b><\/p>\n<p>Le <strong>Centre DELF des divisions scolaires du Manitoba<\/strong> a \u00e9t\u00e9 cr\u00e9\u00e9 en 2013 et regroupe quelques divisions scolaires du Manitoba\u00a0qui collaborent \u00e0 ce projet\u00a0:<\/p>\n<ul>\n<li>Division scolaire St-James Assiniboia<\/li>\n<li>Division scolaire Rivi\u00e8re Seine<\/li>\n<li>Division scolaire River East Transcona<\/li>\n<li>Division scolaire Winnipeg<\/li>\n<\/ul>\n<p><a href=\"https:\/\/www.sjasd.ca\/Pages\/default.aspx#\/=\"><img loading=\"lazy\" decoding=\"async\" class=\"alignnone size-full wp-image-14\" src=\"http:\/\/delfscolairemb.ca\/wp-content\/uploads\/2014\/06\/st-james-school-logo.png\" alt=\"st-james-school-logo\" width=\"70\" height=\"70\" \/><\/a>\u00a0 \u00a0 <a href=\"https:\/\/www.srsd.ca\"><img loading=\"lazy\" decoding=\"async\" class=\"alignnone wp-image-13\" src=\"http:\/\/delfscolairemb.ca\/wp-content\/uploads\/2014\/06\/seine-river-logo.png\" alt=\"seine-river-logo\" width=\"121\" height=\"55\" srcset=\"https:\/\/delfscolairemb.ca\/wp-content\/uploads\/2014\/06\/seine-river-logo.png 154w, https:\/\/delfscolairemb.ca\/wp-content\/uploads\/2014\/06\/seine-river-logo-150x70.png 150w\" sizes=\"auto, (max-width: 121px) 100vw, 121px\" \/><\/a>\u00a0 \u00a0\u00a0<a href=\"https:\/\/www.retsd.mb.ca\"><img loading=\"lazy\" decoding=\"async\" class=\"alignnone wp-image-12\" src=\"http:\/\/delfscolairemb.ca\/wp-content\/uploads\/2014\/06\/river-east-logo.png\" alt=\"river-east-logo\" width=\"78\" height=\"75\" \/><\/a>\u00a0 \u00a0\u00a0<a href=\"https:\/\/www.winnipegsd.ca\"><img loading=\"lazy\" decoding=\"async\" src=\"https:\/\/delfscolairemb.ca\/wp-content\/uploads\/2024\/01\/WSD-logo.png\" alt=\"Winnipeg School Division [logo]\" width=\"75\" height=\"75\" class=\"alignnone size-full\" \/><\/a><\/p>\n<p>&nbsp;<\/p>\n<p><strong><strong>Accr\u00e9ditation<\/strong><img loading=\"lazy\" decoding=\"async\" class=\"wp-image-256 alignright\" src=\"http:\/\/delfscolairemb.ca\/wp-content\/uploads\/2014\/06\/ciep-png.png\" alt=\"ciep png\" width=\"104\" height=\"91\" \/><\/strong><\/p>\n<ul>\n<li>Depuis 2013, nous sommes un centre d\u2019\u00e9valuation linguistique DELF accr\u00e9dit\u00e9 par le <em>Centre international d\u2019\u00e9tudes p\u00e9dagogiques<\/em> (CIEP),\u00a0du minist\u00e8re de l\u2019\u00c9ducation nationale de France.<\/li>\n<\/ul>\n<p><strong>Ce que nous faisons<\/strong><\/p>\n<ul>\n<li>Nous offrons aux \u00e9l\u00e8ves des divisions scolaires membres qui \u00e9tudient en fran\u00e7ais langue seconde au Manitoba l\u2019occasion de mesurer leurs comp\u00e9tences en langue fran\u00e7aise par le truchement du DELF scolaire de mani\u00e8re \u00e0 ce qu\u2019ils puissent certifier officiellement leurs comp\u00e9tences \u00e0 ma\u00eetriser la langue fran\u00e7aise en situation r\u00e9elle.<\/li>\n<li>Nous formons les enseignants qui d\u00e9sirent devenir correcteurs-\u00e9valuateurs certifi\u00e9s du DELF.<\/li>\n<li>Dans la mesure du\u00a0possible, nous offrons aux \u00e9l\u00e8ves des divisions scolaires non membres l\u2019occasion de mesurer leurs comp\u00e9tences en langue fran\u00e7aise \u00e0 l\u2019aide du DELF scolaire.<\/li>\n<\/ul>\n<p><strong>Sources de financement<\/strong><\/p>\n<p>Le <strong>Centre DELF des divisions scolaires du Manitoba <\/strong>re\u00e7oit l\u2019appui financier des divisions scolaires membres et du minist\u00e8re de l\u2019\u00c9ducation et de l\u2019Enseignement sup\u00e9rieur du Manitoba par l\u2019entremise du <em>Programme de revitalisation du fran\u00e7ais langue seconde<\/em>.<\/p>\n<p>&nbsp;<\/p>\n","protected":false},"excerpt":{"rendered":"<p>Qui nous sommes\u00a0\u00a0 Le Centre DELF des divisions scolaires du Manitoba a \u00e9t\u00e9 cr\u00e9\u00e9 en 2013 et regroupe quelques divisions scolaires du Manitoba\u00a0qui collaborent \u00e0 ce projet\u00a0: Division scolaire St-James Assiniboia Division scolaire Rivi\u00e8re Seine Division scolaire River East Transcona Division scolaire Winnipeg \u00a0 \u00a0 \u00a0 \u00a0\u00a0\u00a0 \u00a0\u00a0 &nbsp; Accr\u00e9ditation Depuis 2013, nous sommes un &hellip; <a href=\"https:\/\/delfscolairemb.ca\/fr\/propos\/\" class=\"more-link\">Continue reading <span class=\"screen-reader-text\">\u00c0 PROPOS<\/span> <span class=\"meta-nav\">&rarr;<\/span><\/a><\/p>\n","protected":false},"author":1,"featured_media":0,"parent":0,"menu_order":0,"comment_status":"closed","ping_status":"closed","template":"","meta":{"footnotes":""},"class_list":["post-382","page","type-page","status-publish","hentry"],"yoast_head":"<!-- This site is optimized with the Yoast SEO plugin v26.6 - https:\/\/yoast.com\/wordpress\/plugins\/seo\/ -->\n<title>\u00c0 PROPOS - Centre DELF des divisions scolaires du Manitoba<\/title>\n<meta name=\"robots\" content=\"index, follow, max-snippet:-1, max-image-preview:large, max-video-preview:-1\" \/>\n<link rel=\"canonical\" href=\"https:\/\/delfscolairemb.ca\/fr\/propos\/\" \/>\n<meta name=\"twitter:label1\" content=\"Est. reading time\" \/>\n\t<meta name=\"twitter:data1\" content=\"1 minute\" \/>\n<script type=\"application\/ld+json\" class=\"yoast-schema-graph\">{\"@context\":\"https:\/\/schema.org\",\"@graph\":[{\"@type\":\"WebPage\",\"@id\":\"https:\/\/delfscolairemb.ca\/fr\/propos\/\",\"url\":\"https:\/\/delfscolairemb.ca\/fr\/propos\/\",\"name\":\"\u00c0 PROPOS - Centre DELF des divisions scolaires du Manitoba\",\"isPartOf\":{\"@id\":\"https:\/\/delfscolairemb.ca\/#website\"},\"primaryImageOfPage\":{\"@id\":\"https:\/\/delfscolairemb.ca\/fr\/propos\/#primaryimage\"},\"image\":{\"@id\":\"https:\/\/delfscolairemb.ca\/fr\/propos\/#primaryimage\"},\"thumbnailUrl\":\"http:\/\/delfscolairemb.ca\/wp-content\/uploads\/2014\/07\/DELF-mb-logo-black-200.png\",\"datePublished\":\"2014-09-01T01:12:00+00:00\",\"dateModified\":\"2024-01-31T17:23:32+00:00\",\"breadcrumb\":{\"@id\":\"https:\/\/delfscolairemb.ca\/fr\/propos\/#breadcrumb\"},\"inLanguage\":\"fr-FR\",\"potentialAction\":[{\"@type\":\"ReadAction\",\"target\":[\"https:\/\/delfscolairemb.ca\/fr\/propos\/\"]}]},{\"@type\":\"ImageObject\",\"inLanguage\":\"fr-FR\",\"@id\":\"https:\/\/delfscolairemb.ca\/fr\/propos\/#primaryimage\",\"url\":\"http:\/\/delfscolairemb.ca\/wp-content\/uploads\/2014\/07\/DELF-mb-logo-black-200.png\",\"contentUrl\":\"http:\/\/delfscolairemb.ca\/wp-content\/uploads\/2014\/07\/DELF-mb-logo-black-200.png\"},{\"@type\":\"BreadcrumbList\",\"@id\":\"https:\/\/delfscolairemb.ca\/fr\/propos\/#breadcrumb\",\"itemListElement\":[{\"@type\":\"ListItem\",\"position\":1,\"name\":\"Home\",\"item\":\"https:\/\/delfscolairemb.ca\/fr\/home\/\"},{\"@type\":\"ListItem\",\"position\":2,\"name\":\"\u00c0 PROPOS\"}]},{\"@type\":\"WebSite\",\"@id\":\"https:\/\/delfscolairemb.ca\/#website\",\"url\":\"https:\/\/delfscolairemb.ca\/\",\"name\":\"Centre DELF des divisions scolaires du Manitoba\",\"description\":\"Centre DELF des divisions scolaires du Manitoba\",\"publisher\":{\"@id\":\"https:\/\/delfscolairemb.ca\/#organization\"},\"potentialAction\":[{\"@type\":\"SearchAction\",\"target\":{\"@type\":\"EntryPoint\",\"urlTemplate\":\"https:\/\/delfscolairemb.ca\/?s={search_term_string}\"},\"query-input\":{\"@type\":\"PropertyValueSpecification\",\"valueRequired\":true,\"valueName\":\"search_term_string\"}}],\"inLanguage\":\"fr-FR\"},{\"@type\":\"Organization\",\"@id\":\"https:\/\/delfscolairemb.ca\/#organization\",\"name\":\"Centre DELF des divisions scolaires du Manitoba\",\"url\":\"https:\/\/delfscolairemb.ca\/\",\"logo\":{\"@type\":\"ImageObject\",\"inLanguage\":\"fr-FR\",\"@id\":\"https:\/\/delfscolairemb.ca\/#\/schema\/logo\/image\/\",\"url\":\"http:\/\/delfscolairemb.ca\/wp-content\/uploads\/2014\/07\/DELF-mb-logo-black-200.png\",\"contentUrl\":\"http:\/\/delfscolairemb.ca\/wp-content\/uploads\/2014\/07\/DELF-mb-logo-black-200.png\",\"width\":200,\"height\":197,\"caption\":\"Centre DELF des divisions scolaires du Manitoba\"},\"image\":{\"@id\":\"https:\/\/delfscolairemb.ca\/#\/schema\/logo\/image\/\"}}]}<\/script>\n<!-- \/ Yoast SEO plugin. -->","yoast_head_json":{"title":"\u00c0 PROPOS - Centre DELF des divisions scolaires du Manitoba","robots":{"index":"index","follow":"follow","max-snippet":"max-snippet:-1","max-image-preview":"max-image-preview:large","max-video-preview":"max-video-preview:-1"},"canonical":"https:\/\/delfscolairemb.ca\/fr\/propos\/","twitter_misc":{"Est. reading time":"1 minute"},"schema":{"@context":"https:\/\/schema.org","@graph":[{"@type":"WebPage","@id":"https:\/\/delfscolairemb.ca\/fr\/propos\/","url":"https:\/\/delfscolairemb.ca\/fr\/propos\/","name":"\u00c0 PROPOS - Centre DELF des divisions scolaires du Manitoba","isPartOf":{"@id":"https:\/\/delfscolairemb.ca\/#website"},"primaryImageOfPage":{"@id":"https:\/\/delfscolairemb.ca\/fr\/propos\/#primaryimage"},"image":{"@id":"https:\/\/delfscolairemb.ca\/fr\/propos\/#primaryimage"},"thumbnailUrl":"http:\/\/delfscolairemb.ca\/wp-content\/uploads\/2014\/07\/DELF-mb-logo-black-200.png","datePublished":"2014-09-01T01:12:00+00:00","dateModified":"2024-01-31T17:23:32+00:00","breadcrumb":{"@id":"https:\/\/delfscolairemb.ca\/fr\/propos\/#breadcrumb"},"inLanguage":"fr-FR","potentialAction":[{"@type":"ReadAction","target":["https:\/\/delfscolairemb.ca\/fr\/propos\/"]}]},{"@type":"ImageObject","inLanguage":"fr-FR","@id":"https:\/\/delfscolairemb.ca\/fr\/propos\/#primaryimage","url":"http:\/\/delfscolairemb.ca\/wp-content\/uploads\/2014\/07\/DELF-mb-logo-black-200.png","contentUrl":"http:\/\/delfscolairemb.ca\/wp-content\/uploads\/2014\/07\/DELF-mb-logo-black-200.png"},{"@type":"BreadcrumbList","@id":"https:\/\/delfscolairemb.ca\/fr\/propos\/#breadcrumb","itemListElement":[{"@type":"ListItem","position":1,"name":"Home","item":"https:\/\/delfscolairemb.ca\/fr\/home\/"},{"@type":"ListItem","position":2,"name":"\u00c0 PROPOS"}]},{"@type":"WebSite","@id":"https:\/\/delfscolairemb.ca\/#website","url":"https:\/\/delfscolairemb.ca\/","name":"Centre DELF des divisions scolaires du Manitoba","description":"Centre DELF des divisions scolaires du Manitoba","publisher":{"@id":"https:\/\/delfscolairemb.ca\/#organization"},"potentialAction":[{"@type":"SearchAction","target":{"@type":"EntryPoint","urlTemplate":"https:\/\/delfscolairemb.ca\/?s={search_term_string}"},"query-input":{"@type":"PropertyValueSpecification","valueRequired":true,"valueName":"search_term_string"}}],"inLanguage":"fr-FR"},{"@type":"Organization","@id":"https:\/\/delfscolairemb.ca\/#organization","name":"Centre DELF des divisions scolaires du Manitoba","url":"https:\/\/delfscolairemb.ca\/","logo":{"@type":"ImageObject","inLanguage":"fr-FR","@id":"https:\/\/delfscolairemb.ca\/#\/schema\/logo\/image\/","url":"http:\/\/delfscolairemb.ca\/wp-content\/uploads\/2014\/07\/DELF-mb-logo-black-200.png","contentUrl":"http:\/\/delfscolairemb.ca\/wp-content\/uploads\/2014\/07\/DELF-mb-logo-black-200.png","width":200,"height":197,"caption":"Centre DELF des divisions scolaires du Manitoba"},"image":{"@id":"https:\/\/delfscolairemb.ca\/#\/schema\/logo\/image\/"}}]}},"_links":{"self":[{"href":"https:\/\/delfscolairemb.ca\/fr\/wp-json\/wp\/v2\/pages\/382","targetHints":{"allow":["GET"]}}],"collection":[{"href":"https:\/\/delfscolairemb.ca\/fr\/wp-json\/wp\/v2\/pages"}],"about":[{"href":"https:\/\/delfscolairemb.ca\/fr\/wp-json\/wp\/v2\/types\/page"}],"author":[{"embeddable":true,"href":"https:\/\/delfscolairemb.ca\/fr\/wp-json\/wp\/v2\/users\/1"}],"replies":[{"embeddable":true,"href":"https:\/\/delfscolairemb.ca\/fr\/wp-json\/wp\/v2\/comments?post=382"}],"version-history":[{"count":9,"href":"https:\/\/delfscolairemb.ca\/fr\/wp-json\/wp\/v2\/pages\/382\/revisions"}],"predecessor-version":[{"id":522,"href":"https:\/\/delfscolairemb.ca\/fr\/wp-json\/wp\/v2\/pages\/382\/revisions\/522"}],"wp:attachment":[{"href":"https:\/\/delfscolairemb.ca\/fr\/wp-json\/wp\/v2\/media?parent=382"}],"curies":[{"name":"wp","href":"https:\/\/api.w.org\/{rel}","templated":true}]}}