{"id":443,"date":"2014-07-05T12:31:24","date_gmt":"2014-07-05T17:31:24","guid":{"rendered":"http:\/\/delfscolairemb.ca\/take-delf-assessment-3\/"},"modified":"2015-11-05T11:46:20","modified_gmt":"2015-11-05T17:46:20","slug":"take-delf-assessment","status":"publish","type":"page","link":"https:\/\/delfscolairemb.ca\/fr\/take-delf-assessment\/","title":{"rendered":"O\u00d9 PASSER L\u2019\u00c9VALUATION DELF"},"content":{"rendered":"<p><img loading=\"lazy\" decoding=\"async\" class=\"alignright size-full wp-image-349\" src=\"http:\/\/delfscolairemb.ca\/wp-content\/uploads\/2014\/07\/pen-and-phone-people.jpg\" alt=\"Woman with phone and man with pen\" width=\"562\" height=\"400\" srcset=\"https:\/\/delfscolairemb.ca\/wp-content\/uploads\/2014\/07\/pen-and-phone-people.jpg 562w, https:\/\/delfscolairemb.ca\/wp-content\/uploads\/2014\/07\/pen-and-phone-people-300x213.jpg 300w\" sizes=\"auto, (max-width: 562px) 100vw, 562px\" \/><strong><em>LE DELF scolaire<\/em><\/strong><\/p>\n<p>Le <strong><em>Centre DELF des divisions scolaires du Manitoba<\/em> <\/strong>organise conjointement avec les directions d\u2019\u00e9cole des sessions annuelles d\u2019\u00e9valuation pour les niveaux B1 et B2 pour les \u00e9l\u00e8ves des \u00e9coles du Manitoba qui \u00e9tudient en fran\u00e7ais langue seconde. Veuillez consulter le calendrier des \u00e9v\u00e9nements \u00e0 venir. Pour vous inscrire ou pour obtenir de plus amples informations, n\u2019h\u00e9sitez pas \u00e0 nous contacter ou \u00e0 parler \u00e0 votre enseignant de fran\u00e7ais.<\/p>\n<p><strong>Le DELF tout public<\/strong><\/p>\n<p>Les \u00e9valuations DELF et DALF pour les apprenants de tous \u00e2ges et de tous niveaux de comp\u00e9tence linguistique sont \u00e9galement offertes par l\u2019Alliance Fran\u00e7aise du Manitoba (centre culturel fran\u00e7ais et \u00e9cole de langue) au 934, avenue Corydon, Winnipeg, Manitoba, R3M 0Y5. Pour davantage d\u2019information, visitez le site web en cliquant ici.\u00a0 <a href=\"http:\/\/www.afmanitoba.ca\/fr\/our-tests-and-exams\/delf-dalf\/\" target=\"_blank\">http:\/\/www.afmanitoba.ca\/fr\/our-tests-and-exams\/delf-dalf\/<\/a><\/p>\n","protected":false},"excerpt":{"rendered":"<p>LE DELF scolaire Le Centre DELF des divisions scolaires du Manitoba organise conjointement avec les directions d\u2019\u00e9cole des sessions annuelles d\u2019\u00e9valuation pour les niveaux B1 et B2 pour les \u00e9l\u00e8ves des \u00e9coles du Manitoba qui \u00e9tudient en fran\u00e7ais langue seconde. Veuillez consulter le calendrier des \u00e9v\u00e9nements \u00e0 venir. Pour vous inscrire ou pour obtenir de &hellip; <a href=\"https:\/\/delfscolairemb.ca\/fr\/take-delf-assessment\/\" class=\"more-link\">Continue reading <span class=\"screen-reader-text\">O\u00d9 PASSER L\u2019\u00c9VALUATION DELF<\/span> <span class=\"meta-nav\">&rarr;<\/span><\/a><\/p>\n","protected":false},"author":1,"featured_media":0,"parent":0,"menu_order":0,"comment_status":"closed","ping_status":"closed","template":"","meta":{"footnotes":""},"class_list":["post-443","page","type-page","status-publish","hentry"],"yoast_head":"<!-- This site is optimized with the Yoast SEO plugin v26.6 - https:\/\/yoast.com\/wordpress\/plugins\/seo\/ -->\n<title>O\u00d9 PASSER L\u2019\u00c9VALUATION DELF - Centre DELF des divisions scolaires du Manitoba<\/title>\n<meta name=\"robots\" content=\"index, follow, max-snippet:-1, max-image-preview:large, max-video-preview:-1\" \/>\n<link rel=\"canonical\" href=\"https:\/\/delfscolairemb.ca\/fr\/take-delf-assessment\/\" \/>\n<meta name=\"twitter:label1\" content=\"Est. reading time\" \/>\n\t<meta name=\"twitter:data1\" content=\"1 minute\" \/>\n<script type=\"application\/ld+json\" class=\"yoast-schema-graph\">{\"@context\":\"https:\/\/schema.org\",\"@graph\":[{\"@type\":\"WebPage\",\"@id\":\"https:\/\/delfscolairemb.ca\/fr\/take-delf-assessment\/\",\"url\":\"https:\/\/delfscolairemb.ca\/fr\/take-delf-assessment\/\",\"name\":\"O\u00d9 PASSER L\u2019\u00c9VALUATION DELF - Centre DELF des divisions scolaires du Manitoba\",\"isPartOf\":{\"@id\":\"https:\/\/delfscolairemb.ca\/#website\"},\"primaryImageOfPage\":{\"@id\":\"https:\/\/delfscolairemb.ca\/fr\/take-delf-assessment\/#primaryimage\"},\"image\":{\"@id\":\"https:\/\/delfscolairemb.ca\/fr\/take-delf-assessment\/#primaryimage\"},\"thumbnailUrl\":\"http:\/\/delfscolairemb.ca\/wp-content\/uploads\/2014\/07\/pen-and-phone-people.jpg\",\"datePublished\":\"2014-07-05T17:31:24+00:00\",\"dateModified\":\"2015-11-05T17:46:20+00:00\",\"breadcrumb\":{\"@id\":\"https:\/\/delfscolairemb.ca\/fr\/take-delf-assessment\/#breadcrumb\"},\"inLanguage\":\"fr-FR\",\"potentialAction\":[{\"@type\":\"ReadAction\",\"target\":[\"https:\/\/delfscolairemb.ca\/fr\/take-delf-assessment\/\"]}]},{\"@type\":\"ImageObject\",\"inLanguage\":\"fr-FR\",\"@id\":\"https:\/\/delfscolairemb.ca\/fr\/take-delf-assessment\/#primaryimage\",\"url\":\"http:\/\/delfscolairemb.ca\/wp-content\/uploads\/2014\/07\/pen-and-phone-people.jpg\",\"contentUrl\":\"http:\/\/delfscolairemb.ca\/wp-content\/uploads\/2014\/07\/pen-and-phone-people.jpg\"},{\"@type\":\"BreadcrumbList\",\"@id\":\"https:\/\/delfscolairemb.ca\/fr\/take-delf-assessment\/#breadcrumb\",\"itemListElement\":[{\"@type\":\"ListItem\",\"position\":1,\"name\":\"Home\",\"item\":\"https:\/\/delfscolairemb.ca\/fr\/home\/\"},{\"@type\":\"ListItem\",\"position\":2,\"name\":\"O\u00d9 PASSER L\u2019\u00c9VALUATION DELF\"}]},{\"@type\":\"WebSite\",\"@id\":\"https:\/\/delfscolairemb.ca\/#website\",\"url\":\"https:\/\/delfscolairemb.ca\/\",\"name\":\"Centre DELF des divisions scolaires du Manitoba\",\"description\":\"Centre DELF des divisions scolaires du Manitoba\",\"publisher\":{\"@id\":\"https:\/\/delfscolairemb.ca\/#organization\"},\"potentialAction\":[{\"@type\":\"SearchAction\",\"target\":{\"@type\":\"EntryPoint\",\"urlTemplate\":\"https:\/\/delfscolairemb.ca\/?s={search_term_string}\"},\"query-input\":{\"@type\":\"PropertyValueSpecification\",\"valueRequired\":true,\"valueName\":\"search_term_string\"}}],\"inLanguage\":\"fr-FR\"},{\"@type\":\"Organization\",\"@id\":\"https:\/\/delfscolairemb.ca\/#organization\",\"name\":\"Centre DELF des divisions scolaires du Manitoba\",\"url\":\"https:\/\/delfscolairemb.ca\/\",\"logo\":{\"@type\":\"ImageObject\",\"inLanguage\":\"fr-FR\",\"@id\":\"https:\/\/delfscolairemb.ca\/#\/schema\/logo\/image\/\",\"url\":\"http:\/\/delfscolairemb.ca\/wp-content\/uploads\/2014\/07\/DELF-mb-logo-black-200.png\",\"contentUrl\":\"http:\/\/delfscolairemb.ca\/wp-content\/uploads\/2014\/07\/DELF-mb-logo-black-200.png\",\"width\":200,\"height\":197,\"caption\":\"Centre DELF des divisions scolaires du Manitoba\"},\"image\":{\"@id\":\"https:\/\/delfscolairemb.ca\/#\/schema\/logo\/image\/\"}}]}<\/script>\n<!-- \/ Yoast SEO plugin. -->","yoast_head_json":{"title":"O\u00d9 PASSER L\u2019\u00c9VALUATION DELF - Centre DELF des divisions scolaires du Manitoba","robots":{"index":"index","follow":"follow","max-snippet":"max-snippet:-1","max-image-preview":"max-image-preview:large","max-video-preview":"max-video-preview:-1"},"canonical":"https:\/\/delfscolairemb.ca\/fr\/take-delf-assessment\/","twitter_misc":{"Est. reading time":"1 minute"},"schema":{"@context":"https:\/\/schema.org","@graph":[{"@type":"WebPage","@id":"https:\/\/delfscolairemb.ca\/fr\/take-delf-assessment\/","url":"https:\/\/delfscolairemb.ca\/fr\/take-delf-assessment\/","name":"O\u00d9 PASSER L\u2019\u00c9VALUATION DELF - Centre DELF des divisions scolaires du Manitoba","isPartOf":{"@id":"https:\/\/delfscolairemb.ca\/#website"},"primaryImageOfPage":{"@id":"https:\/\/delfscolairemb.ca\/fr\/take-delf-assessment\/#primaryimage"},"image":{"@id":"https:\/\/delfscolairemb.ca\/fr\/take-delf-assessment\/#primaryimage"},"thumbnailUrl":"http:\/\/delfscolairemb.ca\/wp-content\/uploads\/2014\/07\/pen-and-phone-people.jpg","datePublished":"2014-07-05T17:31:24+00:00","dateModified":"2015-11-05T17:46:20+00:00","breadcrumb":{"@id":"https:\/\/delfscolairemb.ca\/fr\/take-delf-assessment\/#breadcrumb"},"inLanguage":"fr-FR","potentialAction":[{"@type":"ReadAction","target":["https:\/\/delfscolairemb.ca\/fr\/take-delf-assessment\/"]}]},{"@type":"ImageObject","inLanguage":"fr-FR","@id":"https:\/\/delfscolairemb.ca\/fr\/take-delf-assessment\/#primaryimage","url":"http:\/\/delfscolairemb.ca\/wp-content\/uploads\/2014\/07\/pen-and-phone-people.jpg","contentUrl":"http:\/\/delfscolairemb.ca\/wp-content\/uploads\/2014\/07\/pen-and-phone-people.jpg"},{"@type":"BreadcrumbList","@id":"https:\/\/delfscolairemb.ca\/fr\/take-delf-assessment\/#breadcrumb","itemListElement":[{"@type":"ListItem","position":1,"name":"Home","item":"https:\/\/delfscolairemb.ca\/fr\/home\/"},{"@type":"ListItem","position":2,"name":"O\u00d9 PASSER L\u2019\u00c9VALUATION DELF"}]},{"@type":"WebSite","@id":"https:\/\/delfscolairemb.ca\/#website","url":"https:\/\/delfscolairemb.ca\/","name":"Centre DELF des divisions scolaires du Manitoba","description":"Centre DELF des divisions scolaires du Manitoba","publisher":{"@id":"https:\/\/delfscolairemb.ca\/#organization"},"potentialAction":[{"@type":"SearchAction","target":{"@type":"EntryPoint","urlTemplate":"https:\/\/delfscolairemb.ca\/?s={search_term_string}"},"query-input":{"@type":"PropertyValueSpecification","valueRequired":true,"valueName":"search_term_string"}}],"inLanguage":"fr-FR"},{"@type":"Organization","@id":"https:\/\/delfscolairemb.ca\/#organization","name":"Centre DELF des divisions scolaires du Manitoba","url":"https:\/\/delfscolairemb.ca\/","logo":{"@type":"ImageObject","inLanguage":"fr-FR","@id":"https:\/\/delfscolairemb.ca\/#\/schema\/logo\/image\/","url":"http:\/\/delfscolairemb.ca\/wp-content\/uploads\/2014\/07\/DELF-mb-logo-black-200.png","contentUrl":"http:\/\/delfscolairemb.ca\/wp-content\/uploads\/2014\/07\/DELF-mb-logo-black-200.png","width":200,"height":197,"caption":"Centre DELF des divisions scolaires du Manitoba"},"image":{"@id":"https:\/\/delfscolairemb.ca\/#\/schema\/logo\/image\/"}}]}},"_links":{"self":[{"href":"https:\/\/delfscolairemb.ca\/fr\/wp-json\/wp\/v2\/pages\/443","targetHints":{"allow":["GET"]}}],"collection":[{"href":"https:\/\/delfscolairemb.ca\/fr\/wp-json\/wp\/v2\/pages"}],"about":[{"href":"https:\/\/delfscolairemb.ca\/fr\/wp-json\/wp\/v2\/types\/page"}],"author":[{"embeddable":true,"href":"https:\/\/delfscolairemb.ca\/fr\/wp-json\/wp\/v2\/users\/1"}],"replies":[{"embeddable":true,"href":"https:\/\/delfscolairemb.ca\/fr\/wp-json\/wp\/v2\/comments?post=443"}],"version-history":[{"count":13,"href":"https:\/\/delfscolairemb.ca\/fr\/wp-json\/wp\/v2\/pages\/443\/revisions"}],"predecessor-version":[{"id":646,"href":"https:\/\/delfscolairemb.ca\/fr\/wp-json\/wp\/v2\/pages\/443\/revisions\/646"}],"wp:attachment":[{"href":"https:\/\/delfscolairemb.ca\/fr\/wp-json\/wp\/v2\/media?parent=443"}],"curies":[{"name":"wp","href":"https:\/\/api.w.org\/{rel}","templated":true}]}}