{"id":449,"date":"2014-07-05T12:45:04","date_gmt":"2014-07-05T17:45:04","guid":{"rendered":"http:\/\/delfscolairemb.ca\/prepare-2\/"},"modified":"2014-09-08T09:50:03","modified_gmt":"2014-09-08T14:50:03","slug":"prepare","status":"publish","type":"page","link":"https:\/\/delfscolairemb.ca\/fr\/prepare\/","title":{"rendered":"Se pr\u00e9parer"},"content":{"rendered":"<p><img loading=\"lazy\" decoding=\"async\" class=\"alignright size-medium wp-image-90\" src=\"http:\/\/delfscolairemb.ca\/wp-content\/uploads\/2014\/06\/pen-writing-graphic-large-300x289.jpg\" alt=\"handwriting graphic\" width=\"300\" height=\"289\" srcset=\"https:\/\/delfscolairemb.ca\/wp-content\/uploads\/2014\/06\/pen-writing-graphic-large-300x289.jpg 300w, https:\/\/delfscolairemb.ca\/wp-content\/uploads\/2014\/06\/pen-writing-graphic-large-624x602.jpg 624w, https:\/\/delfscolairemb.ca\/wp-content\/uploads\/2014\/06\/pen-writing-graphic-large.jpg 874w\" sizes=\"auto, (max-width: 300px) 100vw, 300px\" \/>Une bonne pr\u00e9paration est souvent li\u00e9e \u00e0 toute r\u00e9ussite. Le DELF ne fait pas exception. Les \u00e9l\u00e8ves ont tendance \u00e0 avoir plus de succ\u00e8s quand ils connaissent le format. Voici quelques fa\u00e7ons de\u00a0se pr\u00e9parer\u00a0:<\/p>\n<ul>\n<li>Demandez \u00e0 votre enseignant de fran\u00e7ais de vous fournir des \u00e9chantillons d\u2019activit\u00e9s DELF.<\/li>\n<li>Prenez l\u2019habitude de regarder et d\u2019\u00e9couter les m\u00e9dias et les films fran\u00e7ais.<\/li>\n<li>Obtenez en ligne des \u00e9chantillons des \u00e9valuations DELF et des ressources p\u00e9dagogiques\u00a0:<\/li>\n<\/ul>\n<ul>\n<li><a title=\"CIEP: DELF exemples de sujet\" href=\"http:\/\/www.ciep.fr\/en\/delf-prim-delf-delf-junior-version-dalf-diplome-detudes-langue-francaise-diplome-approfondi-langue\/sample-papers\" target=\"_blank\">CIEP: DELF exemples de sujets<\/a><\/li>\n<li><a title=\"DELF-DALF  - Ambassade de France au Canada\" href=\"http:\/\/delf-dalf.ambafrance-ca.org\/\" target=\"_blank\">DELF-DALF \u00a0&#8211; Ambassade de France au Canada<\/a><\/li>\n<li><a title=\"University of Calgary: REPSIT French resources\" href=\"http:\/\/www.ucalgary.ca\/repsit\/didactique-du-francais-langue-etrangere\/#DELF\" target=\"_blank\">Universit\u00e9 de Calgary\u00a0: REPSIT \u2013 DELF \u2013 Exercices vari\u00e9s<\/a><\/li>\n<li><a title=\"Fran\u00e7ais plus - DELF\" href=\"http:\/\/lewebpedagogique.com\/delf-dalf\/2013\/07\/26\/billet-dans-les-pays-emergents-ou-en-est-le-francais\/\" target=\"_blank\">Fran\u00e7ais Plus\u00a0&#8211;\u00a0DELF<\/a><\/li>\n<li><a title=\"Curriculum Services Canada: Canadian Examples of DELF\" href=\"http:\/\/www.curriculum.org\/fsl\/home\" target=\"_blank\">Service des programmes d\u2019\u00e9tudes Canada \u2013 \u00e9chantillons canadiens de DELF<\/a><\/li>\n<\/ul>\n","protected":false},"excerpt":{"rendered":"<p>Une bonne pr\u00e9paration est souvent li\u00e9e \u00e0 toute r\u00e9ussite. Le DELF ne fait pas exception. Les \u00e9l\u00e8ves ont tendance \u00e0 avoir plus de succ\u00e8s quand ils connaissent le format. Voici quelques fa\u00e7ons de\u00a0se pr\u00e9parer\u00a0: Demandez \u00e0 votre enseignant de fran\u00e7ais de vous fournir des \u00e9chantillons d\u2019activit\u00e9s DELF. Prenez l\u2019habitude de regarder et d\u2019\u00e9couter les m\u00e9dias &hellip; <a href=\"https:\/\/delfscolairemb.ca\/fr\/prepare\/\" class=\"more-link\">Continue reading <span class=\"screen-reader-text\">Se pr\u00e9parer<\/span> <span class=\"meta-nav\">&rarr;<\/span><\/a><\/p>\n","protected":false},"author":1,"featured_media":0,"parent":0,"menu_order":0,"comment_status":"closed","ping_status":"closed","template":"","meta":{"footnotes":""},"class_list":["post-449","page","type-page","status-publish","hentry"],"yoast_head":"<!-- This site is optimized with the Yoast SEO plugin v26.6 - https:\/\/yoast.com\/wordpress\/plugins\/seo\/ -->\n<title>Se pr\u00e9parer - Centre DELF des divisions scolaires du Manitoba<\/title>\n<meta name=\"robots\" content=\"index, follow, max-snippet:-1, max-image-preview:large, max-video-preview:-1\" \/>\n<link rel=\"canonical\" href=\"https:\/\/delfscolairemb.ca\/fr\/prepare\/\" \/>\n<meta name=\"twitter:label1\" content=\"Est. reading time\" \/>\n\t<meta name=\"twitter:data1\" content=\"1 minute\" \/>\n<script type=\"application\/ld+json\" class=\"yoast-schema-graph\">{\"@context\":\"https:\/\/schema.org\",\"@graph\":[{\"@type\":\"WebPage\",\"@id\":\"https:\/\/delfscolairemb.ca\/fr\/prepare\/\",\"url\":\"https:\/\/delfscolairemb.ca\/fr\/prepare\/\",\"name\":\"Se pr\u00e9parer - Centre DELF des divisions scolaires du Manitoba\",\"isPartOf\":{\"@id\":\"https:\/\/delfscolairemb.ca\/#website\"},\"primaryImageOfPage\":{\"@id\":\"https:\/\/delfscolairemb.ca\/fr\/prepare\/#primaryimage\"},\"image\":{\"@id\":\"https:\/\/delfscolairemb.ca\/fr\/prepare\/#primaryimage\"},\"thumbnailUrl\":\"http:\/\/delfscolairemb.ca\/wp-content\/uploads\/2014\/06\/pen-writing-graphic-large-300x289.jpg\",\"datePublished\":\"2014-07-05T17:45:04+00:00\",\"dateModified\":\"2014-09-08T14:50:03+00:00\",\"breadcrumb\":{\"@id\":\"https:\/\/delfscolairemb.ca\/fr\/prepare\/#breadcrumb\"},\"inLanguage\":\"fr-FR\",\"potentialAction\":[{\"@type\":\"ReadAction\",\"target\":[\"https:\/\/delfscolairemb.ca\/fr\/prepare\/\"]}]},{\"@type\":\"ImageObject\",\"inLanguage\":\"fr-FR\",\"@id\":\"https:\/\/delfscolairemb.ca\/fr\/prepare\/#primaryimage\",\"url\":\"http:\/\/delfscolairemb.ca\/wp-content\/uploads\/2014\/06\/pen-writing-graphic-large-300x289.jpg\",\"contentUrl\":\"http:\/\/delfscolairemb.ca\/wp-content\/uploads\/2014\/06\/pen-writing-graphic-large-300x289.jpg\"},{\"@type\":\"BreadcrumbList\",\"@id\":\"https:\/\/delfscolairemb.ca\/fr\/prepare\/#breadcrumb\",\"itemListElement\":[{\"@type\":\"ListItem\",\"position\":1,\"name\":\"Home\",\"item\":\"https:\/\/delfscolairemb.ca\/fr\/home\/\"},{\"@type\":\"ListItem\",\"position\":2,\"name\":\"Se pr\u00e9parer\"}]},{\"@type\":\"WebSite\",\"@id\":\"https:\/\/delfscolairemb.ca\/#website\",\"url\":\"https:\/\/delfscolairemb.ca\/\",\"name\":\"Centre DELF des divisions scolaires du Manitoba\",\"description\":\"Centre DELF des divisions scolaires du Manitoba\",\"publisher\":{\"@id\":\"https:\/\/delfscolairemb.ca\/#organization\"},\"potentialAction\":[{\"@type\":\"SearchAction\",\"target\":{\"@type\":\"EntryPoint\",\"urlTemplate\":\"https:\/\/delfscolairemb.ca\/?s={search_term_string}\"},\"query-input\":{\"@type\":\"PropertyValueSpecification\",\"valueRequired\":true,\"valueName\":\"search_term_string\"}}],\"inLanguage\":\"fr-FR\"},{\"@type\":\"Organization\",\"@id\":\"https:\/\/delfscolairemb.ca\/#organization\",\"name\":\"Centre DELF des divisions scolaires du Manitoba\",\"url\":\"https:\/\/delfscolairemb.ca\/\",\"logo\":{\"@type\":\"ImageObject\",\"inLanguage\":\"fr-FR\",\"@id\":\"https:\/\/delfscolairemb.ca\/#\/schema\/logo\/image\/\",\"url\":\"http:\/\/delfscolairemb.ca\/wp-content\/uploads\/2014\/07\/DELF-mb-logo-black-200.png\",\"contentUrl\":\"http:\/\/delfscolairemb.ca\/wp-content\/uploads\/2014\/07\/DELF-mb-logo-black-200.png\",\"width\":200,\"height\":197,\"caption\":\"Centre DELF des divisions scolaires du Manitoba\"},\"image\":{\"@id\":\"https:\/\/delfscolairemb.ca\/#\/schema\/logo\/image\/\"}}]}<\/script>\n<!-- \/ Yoast SEO plugin. -->","yoast_head_json":{"title":"Se pr\u00e9parer - Centre DELF des divisions scolaires du Manitoba","robots":{"index":"index","follow":"follow","max-snippet":"max-snippet:-1","max-image-preview":"max-image-preview:large","max-video-preview":"max-video-preview:-1"},"canonical":"https:\/\/delfscolairemb.ca\/fr\/prepare\/","twitter_misc":{"Est. reading time":"1 minute"},"schema":{"@context":"https:\/\/schema.org","@graph":[{"@type":"WebPage","@id":"https:\/\/delfscolairemb.ca\/fr\/prepare\/","url":"https:\/\/delfscolairemb.ca\/fr\/prepare\/","name":"Se pr\u00e9parer - Centre DELF des divisions scolaires du Manitoba","isPartOf":{"@id":"https:\/\/delfscolairemb.ca\/#website"},"primaryImageOfPage":{"@id":"https:\/\/delfscolairemb.ca\/fr\/prepare\/#primaryimage"},"image":{"@id":"https:\/\/delfscolairemb.ca\/fr\/prepare\/#primaryimage"},"thumbnailUrl":"http:\/\/delfscolairemb.ca\/wp-content\/uploads\/2014\/06\/pen-writing-graphic-large-300x289.jpg","datePublished":"2014-07-05T17:45:04+00:00","dateModified":"2014-09-08T14:50:03+00:00","breadcrumb":{"@id":"https:\/\/delfscolairemb.ca\/fr\/prepare\/#breadcrumb"},"inLanguage":"fr-FR","potentialAction":[{"@type":"ReadAction","target":["https:\/\/delfscolairemb.ca\/fr\/prepare\/"]}]},{"@type":"ImageObject","inLanguage":"fr-FR","@id":"https:\/\/delfscolairemb.ca\/fr\/prepare\/#primaryimage","url":"http:\/\/delfscolairemb.ca\/wp-content\/uploads\/2014\/06\/pen-writing-graphic-large-300x289.jpg","contentUrl":"http:\/\/delfscolairemb.ca\/wp-content\/uploads\/2014\/06\/pen-writing-graphic-large-300x289.jpg"},{"@type":"BreadcrumbList","@id":"https:\/\/delfscolairemb.ca\/fr\/prepare\/#breadcrumb","itemListElement":[{"@type":"ListItem","position":1,"name":"Home","item":"https:\/\/delfscolairemb.ca\/fr\/home\/"},{"@type":"ListItem","position":2,"name":"Se pr\u00e9parer"}]},{"@type":"WebSite","@id":"https:\/\/delfscolairemb.ca\/#website","url":"https:\/\/delfscolairemb.ca\/","name":"Centre DELF des divisions scolaires du Manitoba","description":"Centre DELF des divisions scolaires du Manitoba","publisher":{"@id":"https:\/\/delfscolairemb.ca\/#organization"},"potentialAction":[{"@type":"SearchAction","target":{"@type":"EntryPoint","urlTemplate":"https:\/\/delfscolairemb.ca\/?s={search_term_string}"},"query-input":{"@type":"PropertyValueSpecification","valueRequired":true,"valueName":"search_term_string"}}],"inLanguage":"fr-FR"},{"@type":"Organization","@id":"https:\/\/delfscolairemb.ca\/#organization","name":"Centre DELF des divisions scolaires du Manitoba","url":"https:\/\/delfscolairemb.ca\/","logo":{"@type":"ImageObject","inLanguage":"fr-FR","@id":"https:\/\/delfscolairemb.ca\/#\/schema\/logo\/image\/","url":"http:\/\/delfscolairemb.ca\/wp-content\/uploads\/2014\/07\/DELF-mb-logo-black-200.png","contentUrl":"http:\/\/delfscolairemb.ca\/wp-content\/uploads\/2014\/07\/DELF-mb-logo-black-200.png","width":200,"height":197,"caption":"Centre DELF des divisions scolaires du Manitoba"},"image":{"@id":"https:\/\/delfscolairemb.ca\/#\/schema\/logo\/image\/"}}]}},"_links":{"self":[{"href":"https:\/\/delfscolairemb.ca\/fr\/wp-json\/wp\/v2\/pages\/449","targetHints":{"allow":["GET"]}}],"collection":[{"href":"https:\/\/delfscolairemb.ca\/fr\/wp-json\/wp\/v2\/pages"}],"about":[{"href":"https:\/\/delfscolairemb.ca\/fr\/wp-json\/wp\/v2\/types\/page"}],"author":[{"embeddable":true,"href":"https:\/\/delfscolairemb.ca\/fr\/wp-json\/wp\/v2\/users\/1"}],"replies":[{"embeddable":true,"href":"https:\/\/delfscolairemb.ca\/fr\/wp-json\/wp\/v2\/comments?post=449"}],"version-history":[{"count":7,"href":"https:\/\/delfscolairemb.ca\/fr\/wp-json\/wp\/v2\/pages\/449\/revisions"}],"predecessor-version":[{"id":578,"href":"https:\/\/delfscolairemb.ca\/fr\/wp-json\/wp\/v2\/pages\/449\/revisions\/578"}],"wp:attachment":[{"href":"https:\/\/delfscolairemb.ca\/fr\/wp-json\/wp\/v2\/media?parent=449"}],"curies":[{"name":"wp","href":"https:\/\/api.w.org\/{rel}","templated":true}]}}