{"id":453,"date":"2014-06-19T17:11:45","date_gmt":"2014-06-19T22:11:45","guid":{"rendered":"http:\/\/delfscolairemb.ca\/registration-2\/"},"modified":"2025-09-10T09:22:44","modified_gmt":"2025-09-10T14:22:44","slug":"registration","status":"publish","type":"page","link":"https:\/\/delfscolairemb.ca\/fr\/registration\/","title":{"rendered":"S\u2019INSCRIRE"},"content":{"rendered":"<figure id=\"attachment_330\" aria-describedby=\"caption-attachment-330\" style=\"width: 231px\" class=\"wp-caption alignright\"><a href=\"https:\/\/delfscolairemb.ca\/wp-content\/uploads\/2025\/09\/DELF_registration_form_2025v3.pdf\" target=\"_blank\" rel=\"noopener\"><img loading=\"lazy\" decoding=\"async\" class=\"borderme wp-image-330 size-medium\" src=\"https:\/\/delfscolairemb.ca\/wp-content\/uploads\/2014\/06\/DELF_registration_form-231x300.jpg\" alt=\"DELF registration form preview\" width=\"231\" height=\"300\" srcset=\"https:\/\/delfscolairemb.ca\/wp-content\/uploads\/2014\/06\/DELF_registration_form-231x300.jpg 231w, https:\/\/delfscolairemb.ca\/wp-content\/uploads\/2014\/06\/DELF_registration_form.jpg 300w\" sizes=\"auto, (max-width: 231px) 100vw, 231px\" \/><\/a><figcaption id=\"caption-attachment-330\" class=\"wp-caption-text\">T\u00e9l\u00e9charger le formulaire d&#8217;inscription(PDF)<\/figcaption><\/figure>\n<p><strong>Comment s\u2019inscrire<\/strong><\/p>\n<p>Avant de vous inscrire, informez-vous aupr\u00e8s de votre enseignant de fran\u00e7ais afin de d\u00e9terminer votre niveau DELF. Vous pouvez \u00e9galement communiquer avec le <strong><em>Centre DELF des divisions scolaires du Manitoba<\/em><\/strong>. Le formulaire d\u2019inscription peut \u00eatre t\u00e9l\u00e9charg\u00e9 en cliquant ici (<a title=\"formulaire d\u2019inscription DELF (PDF)\" href=\"https:\/\/delfscolairemb.ca\/wp-content\/uploads\/2025\/09\/DELF_registration_form_2025v3.pdf\" target=\"_blank\" rel=\"noopener\">inscription DELF<\/a>). Veuillez nous faire parvenir votre formulaire d\u2019inscription d\u00fbment rempli soit par courrier \u00e9lectronique ou la poste. Vous pouvez aussi le remettre \u00e0 votre enseignant de fran\u00e7ais qui nous l\u2019acheminera.<\/p>\n<p><strong>Frais d\u2019inscription<\/strong><\/p>\n<p><strong>Divisions scolaires membres<\/strong><\/p>\n<p>Il n\u2019y a aucuns frais d\u2019inscription pour les \u00e9l\u00e8ves des divisions scolaires membres du <em>Centre DELF des divisions scolaires du Manitoba<\/em> (<strong>River East Transcona<\/strong>, <strong>Seine River<\/strong>, <strong>St. James-Assiniboia, Winnipeg School Division<\/strong>). Frais de 70$ en cas d&#8217;absence d&#8217;un \u00e9tudiant \u00e0 l\u2019examen.<\/p>\n<p><strong>Divisions scolaires non membres<\/strong><br \/>\nDans la mesure du possible, nous offrons aux \u00e9l\u00e8ves des divisions scolaires non membres l\u2019occasion de mesurer leurs comp\u00e9tences en langue fran\u00e7aise \u00e0 l\u2019aide du DELF scolaire. Les frais d\u2019inscription sont de 60\u00a0$ et sont non remboursables. Le formulaire d\u2019inscription peut \u00eatre t\u00e9l\u00e9charg\u00e9 en cliquant <a title=\"DELF Registration Form (PDF)\" href=\"https:\/\/delfscolairemb.ca\/wp-content\/uploads\/2025\/09\/DELF_registration_form_2025v3.pdf\" target=\"_blank\" rel=\"noopener\">ici<\/a>. Veuillez nous faire parvenir votre formulaire d\u2019inscription d\u00fbment rempli ainsi que les frais d\u2019inscription \u00e0 l\u2019adresse ci-dessous. Veuillez vous assurer qu\u2019ils nous parviennent avant la date limite d\u2019inscription (voir Calendrier).<\/p>\n<p>Adresse<br \/>\nLe Centre DELF des divisions scolaires du Manitoba<br \/>\nCarole H\u00e9bert<br \/>\n399 St. Paul Street<br \/>\nSt. Adolphe, MB \u00a0R5A 1A8<br \/>\nou par email: <a href=\"mailto:clhebert@mts.net\">clhebert@mts.net<\/a><\/p>\n<p><strong>Aide financi\u00e8re<\/strong><\/p>\n<p>Les \u00e9coles et les divisions scolaires peuvent demander une aide financi\u00e8re au minist\u00e8re de l\u2019\u00c9ducation et de l\u2019Enseignement sup\u00e9rieur du Manitoba dans le cadre du <em>Programme de revitalisation du fran\u00e7ais langue seconde<\/em>. Visitez le site web du minist\u00e8re en cliquant <a href=\"http:\/\/www.edu.gov.mb.ca\/languages\/\" target=\"_blank\" rel=\"noopener\">ici<\/a> pour de plus amples informations et pour obtenir un formulaire de demande.<\/p>\n","protected":false},"excerpt":{"rendered":"<p>Comment s\u2019inscrire Avant de vous inscrire, informez-vous aupr\u00e8s de votre enseignant de fran\u00e7ais afin de d\u00e9terminer votre niveau DELF. Vous pouvez \u00e9galement communiquer avec le Centre DELF des divisions scolaires du Manitoba. Le formulaire d\u2019inscription peut \u00eatre t\u00e9l\u00e9charg\u00e9 en cliquant ici (inscription DELF). Veuillez nous faire parvenir votre formulaire d\u2019inscription d\u00fbment rempli soit par courrier &hellip; <a href=\"https:\/\/delfscolairemb.ca\/fr\/registration\/\" class=\"more-link\">Continue reading <span class=\"screen-reader-text\">S\u2019INSCRIRE<\/span> <span class=\"meta-nav\">&rarr;<\/span><\/a><\/p>\n","protected":false},"author":1,"featured_media":0,"parent":0,"menu_order":0,"comment_status":"closed","ping_status":"closed","template":"","meta":{"footnotes":""},"class_list":["post-453","page","type-page","status-publish","hentry"],"yoast_head":"<!-- This site is optimized with the Yoast SEO plugin v26.6 - https:\/\/yoast.com\/wordpress\/plugins\/seo\/ -->\n<title>S\u2019INSCRIRE - Centre DELF des divisions scolaires du Manitoba<\/title>\n<meta name=\"robots\" content=\"index, follow, max-snippet:-1, max-image-preview:large, max-video-preview:-1\" \/>\n<link rel=\"canonical\" href=\"https:\/\/delfscolairemb.ca\/fr\/registration\/\" \/>\n<meta name=\"twitter:label1\" content=\"Est. reading time\" \/>\n\t<meta name=\"twitter:data1\" content=\"2 minutes\" \/>\n<script type=\"application\/ld+json\" class=\"yoast-schema-graph\">{\"@context\":\"https:\/\/schema.org\",\"@graph\":[{\"@type\":\"WebPage\",\"@id\":\"https:\/\/delfscolairemb.ca\/fr\/registration\/\",\"url\":\"https:\/\/delfscolairemb.ca\/fr\/registration\/\",\"name\":\"S\u2019INSCRIRE - Centre DELF des divisions scolaires du Manitoba\",\"isPartOf\":{\"@id\":\"https:\/\/delfscolairemb.ca\/#website\"},\"primaryImageOfPage\":{\"@id\":\"https:\/\/delfscolairemb.ca\/fr\/registration\/#primaryimage\"},\"image\":{\"@id\":\"https:\/\/delfscolairemb.ca\/fr\/registration\/#primaryimage\"},\"thumbnailUrl\":\"https:\/\/delfscolairemb.ca\/wp-content\/uploads\/2014\/06\/DELF_registration_form-231x300.jpg\",\"datePublished\":\"2014-06-19T22:11:45+00:00\",\"dateModified\":\"2025-09-10T14:22:44+00:00\",\"breadcrumb\":{\"@id\":\"https:\/\/delfscolairemb.ca\/fr\/registration\/#breadcrumb\"},\"inLanguage\":\"fr-FR\",\"potentialAction\":[{\"@type\":\"ReadAction\",\"target\":[\"https:\/\/delfscolairemb.ca\/fr\/registration\/\"]}]},{\"@type\":\"ImageObject\",\"inLanguage\":\"fr-FR\",\"@id\":\"https:\/\/delfscolairemb.ca\/fr\/registration\/#primaryimage\",\"url\":\"https:\/\/delfscolairemb.ca\/wp-content\/uploads\/2014\/06\/DELF_registration_form-231x300.jpg\",\"contentUrl\":\"https:\/\/delfscolairemb.ca\/wp-content\/uploads\/2014\/06\/DELF_registration_form-231x300.jpg\"},{\"@type\":\"BreadcrumbList\",\"@id\":\"https:\/\/delfscolairemb.ca\/fr\/registration\/#breadcrumb\",\"itemListElement\":[{\"@type\":\"ListItem\",\"position\":1,\"name\":\"Home\",\"item\":\"https:\/\/delfscolairemb.ca\/fr\/home\/\"},{\"@type\":\"ListItem\",\"position\":2,\"name\":\"S\u2019INSCRIRE\"}]},{\"@type\":\"WebSite\",\"@id\":\"https:\/\/delfscolairemb.ca\/#website\",\"url\":\"https:\/\/delfscolairemb.ca\/\",\"name\":\"Centre DELF des divisions scolaires du Manitoba\",\"description\":\"Centre DELF des divisions scolaires du Manitoba\",\"publisher\":{\"@id\":\"https:\/\/delfscolairemb.ca\/#organization\"},\"potentialAction\":[{\"@type\":\"SearchAction\",\"target\":{\"@type\":\"EntryPoint\",\"urlTemplate\":\"https:\/\/delfscolairemb.ca\/?s={search_term_string}\"},\"query-input\":{\"@type\":\"PropertyValueSpecification\",\"valueRequired\":true,\"valueName\":\"search_term_string\"}}],\"inLanguage\":\"fr-FR\"},{\"@type\":\"Organization\",\"@id\":\"https:\/\/delfscolairemb.ca\/#organization\",\"name\":\"Centre DELF des divisions scolaires du Manitoba\",\"url\":\"https:\/\/delfscolairemb.ca\/\",\"logo\":{\"@type\":\"ImageObject\",\"inLanguage\":\"fr-FR\",\"@id\":\"https:\/\/delfscolairemb.ca\/#\/schema\/logo\/image\/\",\"url\":\"http:\/\/delfscolairemb.ca\/wp-content\/uploads\/2014\/07\/DELF-mb-logo-black-200.png\",\"contentUrl\":\"http:\/\/delfscolairemb.ca\/wp-content\/uploads\/2014\/07\/DELF-mb-logo-black-200.png\",\"width\":200,\"height\":197,\"caption\":\"Centre DELF des divisions scolaires du Manitoba\"},\"image\":{\"@id\":\"https:\/\/delfscolairemb.ca\/#\/schema\/logo\/image\/\"}}]}<\/script>\n<!-- \/ Yoast SEO plugin. -->","yoast_head_json":{"title":"S\u2019INSCRIRE - Centre DELF des divisions scolaires du Manitoba","robots":{"index":"index","follow":"follow","max-snippet":"max-snippet:-1","max-image-preview":"max-image-preview:large","max-video-preview":"max-video-preview:-1"},"canonical":"https:\/\/delfscolairemb.ca\/fr\/registration\/","twitter_misc":{"Est. reading time":"2 minutes"},"schema":{"@context":"https:\/\/schema.org","@graph":[{"@type":"WebPage","@id":"https:\/\/delfscolairemb.ca\/fr\/registration\/","url":"https:\/\/delfscolairemb.ca\/fr\/registration\/","name":"S\u2019INSCRIRE - Centre DELF des divisions scolaires du Manitoba","isPartOf":{"@id":"https:\/\/delfscolairemb.ca\/#website"},"primaryImageOfPage":{"@id":"https:\/\/delfscolairemb.ca\/fr\/registration\/#primaryimage"},"image":{"@id":"https:\/\/delfscolairemb.ca\/fr\/registration\/#primaryimage"},"thumbnailUrl":"https:\/\/delfscolairemb.ca\/wp-content\/uploads\/2014\/06\/DELF_registration_form-231x300.jpg","datePublished":"2014-06-19T22:11:45+00:00","dateModified":"2025-09-10T14:22:44+00:00","breadcrumb":{"@id":"https:\/\/delfscolairemb.ca\/fr\/registration\/#breadcrumb"},"inLanguage":"fr-FR","potentialAction":[{"@type":"ReadAction","target":["https:\/\/delfscolairemb.ca\/fr\/registration\/"]}]},{"@type":"ImageObject","inLanguage":"fr-FR","@id":"https:\/\/delfscolairemb.ca\/fr\/registration\/#primaryimage","url":"https:\/\/delfscolairemb.ca\/wp-content\/uploads\/2014\/06\/DELF_registration_form-231x300.jpg","contentUrl":"https:\/\/delfscolairemb.ca\/wp-content\/uploads\/2014\/06\/DELF_registration_form-231x300.jpg"},{"@type":"BreadcrumbList","@id":"https:\/\/delfscolairemb.ca\/fr\/registration\/#breadcrumb","itemListElement":[{"@type":"ListItem","position":1,"name":"Home","item":"https:\/\/delfscolairemb.ca\/fr\/home\/"},{"@type":"ListItem","position":2,"name":"S\u2019INSCRIRE"}]},{"@type":"WebSite","@id":"https:\/\/delfscolairemb.ca\/#website","url":"https:\/\/delfscolairemb.ca\/","name":"Centre DELF des divisions scolaires du Manitoba","description":"Centre DELF des divisions scolaires du Manitoba","publisher":{"@id":"https:\/\/delfscolairemb.ca\/#organization"},"potentialAction":[{"@type":"SearchAction","target":{"@type":"EntryPoint","urlTemplate":"https:\/\/delfscolairemb.ca\/?s={search_term_string}"},"query-input":{"@type":"PropertyValueSpecification","valueRequired":true,"valueName":"search_term_string"}}],"inLanguage":"fr-FR"},{"@type":"Organization","@id":"https:\/\/delfscolairemb.ca\/#organization","name":"Centre DELF des divisions scolaires du Manitoba","url":"https:\/\/delfscolairemb.ca\/","logo":{"@type":"ImageObject","inLanguage":"fr-FR","@id":"https:\/\/delfscolairemb.ca\/#\/schema\/logo\/image\/","url":"http:\/\/delfscolairemb.ca\/wp-content\/uploads\/2014\/07\/DELF-mb-logo-black-200.png","contentUrl":"http:\/\/delfscolairemb.ca\/wp-content\/uploads\/2014\/07\/DELF-mb-logo-black-200.png","width":200,"height":197,"caption":"Centre DELF des divisions scolaires du Manitoba"},"image":{"@id":"https:\/\/delfscolairemb.ca\/#\/schema\/logo\/image\/"}}]}},"_links":{"self":[{"href":"https:\/\/delfscolairemb.ca\/fr\/wp-json\/wp\/v2\/pages\/453","targetHints":{"allow":["GET"]}}],"collection":[{"href":"https:\/\/delfscolairemb.ca\/fr\/wp-json\/wp\/v2\/pages"}],"about":[{"href":"https:\/\/delfscolairemb.ca\/fr\/wp-json\/wp\/v2\/types\/page"}],"author":[{"embeddable":true,"href":"https:\/\/delfscolairemb.ca\/fr\/wp-json\/wp\/v2\/users\/1"}],"replies":[{"embeddable":true,"href":"https:\/\/delfscolairemb.ca\/fr\/wp-json\/wp\/v2\/comments?post=453"}],"version-history":[{"count":15,"href":"https:\/\/delfscolairemb.ca\/fr\/wp-json\/wp\/v2\/pages\/453\/revisions"}],"predecessor-version":[{"id":1010,"href":"https:\/\/delfscolairemb.ca\/fr\/wp-json\/wp\/v2\/pages\/453\/revisions\/1010"}],"wp:attachment":[{"href":"https:\/\/delfscolairemb.ca\/fr\/wp-json\/wp\/v2\/media?parent=453"}],"curies":[{"name":"wp","href":"https:\/\/api.w.org\/{rel}","templated":true}]}}