{"id":461,"date":"2014-07-05T13:56:18","date_gmt":"2014-07-05T18:56:18","guid":{"rendered":"http:\/\/delfscolairemb.ca\/cefr-2\/"},"modified":"2014-09-03T22:35:25","modified_gmt":"2014-09-04T03:35:25","slug":"cefr","status":"publish","type":"page","link":"https:\/\/delfscolairemb.ca\/fr\/cefr\/","title":{"rendered":"CECR"},"content":{"rendered":"<p><strong>CADRE EUROP\u00c9EN COMMUN DE R\u00c9F\u00c9RENCE POUR LES LANGUES \u2013 \u00c9CHELLE GLOBALE<\/strong><\/p>\n<h2><span lang=\"EN\"><strong>Ma\u00eetrise<br \/>\n<\/strong> <\/span><\/h2>\n<h3><span lang=\"EN\">C2 <\/span><\/h3>\n<p>Peut comprendre sans effort pratiquement tout ce qu\u2019il\/elle lit ou entend. Peut restituer faits et arguments de diverses sources \u00e9crites et orales en les r\u00e9sumant de fa\u00e7on coh\u00e9rente. Peut s\u2019exprimer spontan\u00e9ment, tr\u00e8s couramment et de fa\u00e7on pr\u00e9cise et peut rendre distinctes de fines nuances de sens en rapport avec des sujets complexes.<\/p>\n<h3><span lang=\"EN\">C1<\/span><\/h3>\n<p>Peut comprendre une grande gamme de textes longs et exigeants, ainsi que saisir des significations implicites. Peut s\u2019exprimer spontan\u00e9ment et couramment sans trop apparemment devoir chercher ses mots. Peut utiliser la langue de fa\u00e7on efficace et souple dans sa vie sociale, professionnelle ou acad\u00e9mique. Peut s\u2019exprimer sur des sujets complexes de fa\u00e7on claire et bien structur\u00e9e et manifester son contr\u00f4le des outils d\u2019organisation, d\u2019articulation et de coh\u00e9sion du discours.<\/p>\n<p><span lang=\"EN\">\u00a0<\/span><\/p>\n<h2><span lang=\"EN\">Ind\u00e9pendant<\/span><\/h2>\n<h3><span lang=\"EN\">B2<\/span><\/h3>\n<p>Peut comprendre le contenu essentiel de sujets concrets ou abstraits dans un texte complexe, y compris une discussion technique dans sa sp\u00e9cialit\u00e9. Peut communiquer avec un degr\u00e9 de spontan\u00e9it\u00e9 et d\u2019aisance tel qu\u2019une conversation avec un locuteur natif ne comportant de tension ni pour l\u2019un ni pour l\u2019autre. Peut s\u2019exprimer de fa\u00e7on claire et d\u00e9taill\u00e9e sur une grande gamme de sujets, \u00e9mettre un avis sur un sujet d\u2019actualit\u00e9 et exposer les avantages et les inconv\u00e9nients de diff\u00e9rentes possibilit\u00e9s.<\/p>\n<h3><span lang=\"EN\">B1<\/span><\/h3>\n<p>Peut comprendre les points essentiels quand un langage clair et standard est utilis\u00e9 et s\u2019il s\u2019agit de choses famili\u00e8res dans le travail, \u00e0 l\u2019\u00e9cole, dans les loisirs, etc. Peut se d\u00e9brouiller dans la plupart des situations rencontr\u00e9es en voyage dans une r\u00e9gion o\u00f9 la langue cible est parl\u00e9e. Peut produire un discours simple et coh\u00e9rent sur des sujets familiers et dans ses domaines d\u2019int\u00e9r\u00eat. Peut raconter un \u00e9v\u00e9nement, une exp\u00e9rience ou un r\u00eave, d\u00e9crire un espoir ou un but et exposer bri\u00e8vement des raisons ou explications pour un projet ou une id\u00e9e.<\/p>\n<p><span lang=\"EN\">\u00a0<\/span><\/p>\n<h2><span lang=\"EN\">\u00a0<strong>\u00c9mergent<\/strong><br \/>\n<\/span><\/h2>\n<h3><span lang=\"EN\">A2<\/span><\/h3>\n<p>Peut comprendre des phrases isol\u00e9es et des expressions fr\u00e9quemment utilis\u00e9es en relation avec des domaines imm\u00e9diats de priorit\u00e9 (par exemple, informations personnelles et familiales simples, achats, environnement proche, travail). Peut communiquer lors de t\u00e2ches simples et habituelles ne demandant qu\u2019un \u00e9change d\u2019informations simple et direct sur des sujets familiers et habituels. Peut d\u00e9crire avec des moyens simples sa formation, son environnement imm\u00e9diat et \u00e9voquer des sujets qui correspondent \u00e0 des besoins imm\u00e9diats.<\/p>\n<h3><span lang=\"EN\">A1<\/span><\/h3>\n<p>Peut comprendre et utiliser des expressions famili\u00e8res et quotidiennes ainsi que des \u00e9nonc\u00e9s tr\u00e8s simples qui visent \u00e0 satisfaire des besoins concrets. Peut se pr\u00e9senter ou pr\u00e9senter quelqu\u2019un et poser \u00e0 une personne des questions la concernant \u2014 par exemple, sur son lieu d\u2019habitation, ses relations, ce qui lui appartient, etc. \u2014 et peut r\u00e9pondre au m\u00eame type de questions. Peut communiquer de fa\u00e7on simple si l\u2019interlocuteur parle lentement et distinctement et se montre coop\u00e9ratif.<\/p>\n<p><span lang=\"EN\">\u00a0<\/span><\/p>\n<p>&nbsp;<\/p>\n<p>\u00a9 Council of Europe \/ Conseil de l\u2019Europe<\/p>\n","protected":false},"excerpt":{"rendered":"<p>CADRE EUROP\u00c9EN COMMUN DE R\u00c9F\u00c9RENCE POUR LES LANGUES \u2013 \u00c9CHELLE GLOBALE Ma\u00eetrise C2 Peut comprendre sans effort pratiquement tout ce qu\u2019il\/elle lit ou entend. Peut restituer faits et arguments de diverses sources \u00e9crites et orales en les r\u00e9sumant de fa\u00e7on coh\u00e9rente. Peut s\u2019exprimer spontan\u00e9ment, tr\u00e8s couramment et de fa\u00e7on pr\u00e9cise et peut rendre distinctes de &hellip; <a href=\"https:\/\/delfscolairemb.ca\/fr\/cefr\/\" class=\"more-link\">Continue reading <span class=\"screen-reader-text\">CECR<\/span> <span class=\"meta-nav\">&rarr;<\/span><\/a><\/p>\n","protected":false},"author":1,"featured_media":0,"parent":0,"menu_order":0,"comment_status":"closed","ping_status":"closed","template":"","meta":{"footnotes":""},"class_list":["post-461","page","type-page","status-publish","hentry"],"yoast_head":"<!-- This site is optimized with the Yoast SEO plugin v26.6 - https:\/\/yoast.com\/wordpress\/plugins\/seo\/ -->\n<title>CECR - Centre DELF des divisions scolaires du Manitoba<\/title>\n<meta name=\"robots\" content=\"index, follow, max-snippet:-1, max-image-preview:large, max-video-preview:-1\" \/>\n<link rel=\"canonical\" href=\"https:\/\/delfscolairemb.ca\/fr\/cefr\/\" \/>\n<meta name=\"twitter:label1\" content=\"Est. reading time\" \/>\n\t<meta name=\"twitter:data1\" content=\"3 minutes\" \/>\n<script type=\"application\/ld+json\" class=\"yoast-schema-graph\">{\"@context\":\"https:\/\/schema.org\",\"@graph\":[{\"@type\":\"WebPage\",\"@id\":\"https:\/\/delfscolairemb.ca\/fr\/cefr\/\",\"url\":\"https:\/\/delfscolairemb.ca\/fr\/cefr\/\",\"name\":\"CECR - Centre DELF des divisions scolaires du Manitoba\",\"isPartOf\":{\"@id\":\"https:\/\/delfscolairemb.ca\/#website\"},\"datePublished\":\"2014-07-05T18:56:18+00:00\",\"dateModified\":\"2014-09-04T03:35:25+00:00\",\"breadcrumb\":{\"@id\":\"https:\/\/delfscolairemb.ca\/fr\/cefr\/#breadcrumb\"},\"inLanguage\":\"fr-FR\",\"potentialAction\":[{\"@type\":\"ReadAction\",\"target\":[\"https:\/\/delfscolairemb.ca\/fr\/cefr\/\"]}]},{\"@type\":\"BreadcrumbList\",\"@id\":\"https:\/\/delfscolairemb.ca\/fr\/cefr\/#breadcrumb\",\"itemListElement\":[{\"@type\":\"ListItem\",\"position\":1,\"name\":\"Home\",\"item\":\"https:\/\/delfscolairemb.ca\/fr\/home\/\"},{\"@type\":\"ListItem\",\"position\":2,\"name\":\"CECR\"}]},{\"@type\":\"WebSite\",\"@id\":\"https:\/\/delfscolairemb.ca\/#website\",\"url\":\"https:\/\/delfscolairemb.ca\/\",\"name\":\"Centre DELF des divisions scolaires du Manitoba\",\"description\":\"Centre DELF des divisions scolaires du Manitoba\",\"publisher\":{\"@id\":\"https:\/\/delfscolairemb.ca\/#organization\"},\"potentialAction\":[{\"@type\":\"SearchAction\",\"target\":{\"@type\":\"EntryPoint\",\"urlTemplate\":\"https:\/\/delfscolairemb.ca\/?s={search_term_string}\"},\"query-input\":{\"@type\":\"PropertyValueSpecification\",\"valueRequired\":true,\"valueName\":\"search_term_string\"}}],\"inLanguage\":\"fr-FR\"},{\"@type\":\"Organization\",\"@id\":\"https:\/\/delfscolairemb.ca\/#organization\",\"name\":\"Centre DELF des divisions scolaires du Manitoba\",\"url\":\"https:\/\/delfscolairemb.ca\/\",\"logo\":{\"@type\":\"ImageObject\",\"inLanguage\":\"fr-FR\",\"@id\":\"https:\/\/delfscolairemb.ca\/#\/schema\/logo\/image\/\",\"url\":\"http:\/\/delfscolairemb.ca\/wp-content\/uploads\/2014\/07\/DELF-mb-logo-black-200.png\",\"contentUrl\":\"http:\/\/delfscolairemb.ca\/wp-content\/uploads\/2014\/07\/DELF-mb-logo-black-200.png\",\"width\":200,\"height\":197,\"caption\":\"Centre DELF des divisions scolaires du Manitoba\"},\"image\":{\"@id\":\"https:\/\/delfscolairemb.ca\/#\/schema\/logo\/image\/\"}}]}<\/script>\n<!-- \/ Yoast SEO plugin. -->","yoast_head_json":{"title":"CECR - Centre DELF des divisions scolaires du Manitoba","robots":{"index":"index","follow":"follow","max-snippet":"max-snippet:-1","max-image-preview":"max-image-preview:large","max-video-preview":"max-video-preview:-1"},"canonical":"https:\/\/delfscolairemb.ca\/fr\/cefr\/","twitter_misc":{"Est. reading time":"3 minutes"},"schema":{"@context":"https:\/\/schema.org","@graph":[{"@type":"WebPage","@id":"https:\/\/delfscolairemb.ca\/fr\/cefr\/","url":"https:\/\/delfscolairemb.ca\/fr\/cefr\/","name":"CECR - Centre DELF des divisions scolaires du Manitoba","isPartOf":{"@id":"https:\/\/delfscolairemb.ca\/#website"},"datePublished":"2014-07-05T18:56:18+00:00","dateModified":"2014-09-04T03:35:25+00:00","breadcrumb":{"@id":"https:\/\/delfscolairemb.ca\/fr\/cefr\/#breadcrumb"},"inLanguage":"fr-FR","potentialAction":[{"@type":"ReadAction","target":["https:\/\/delfscolairemb.ca\/fr\/cefr\/"]}]},{"@type":"BreadcrumbList","@id":"https:\/\/delfscolairemb.ca\/fr\/cefr\/#breadcrumb","itemListElement":[{"@type":"ListItem","position":1,"name":"Home","item":"https:\/\/delfscolairemb.ca\/fr\/home\/"},{"@type":"ListItem","position":2,"name":"CECR"}]},{"@type":"WebSite","@id":"https:\/\/delfscolairemb.ca\/#website","url":"https:\/\/delfscolairemb.ca\/","name":"Centre DELF des divisions scolaires du Manitoba","description":"Centre DELF des divisions scolaires du Manitoba","publisher":{"@id":"https:\/\/delfscolairemb.ca\/#organization"},"potentialAction":[{"@type":"SearchAction","target":{"@type":"EntryPoint","urlTemplate":"https:\/\/delfscolairemb.ca\/?s={search_term_string}"},"query-input":{"@type":"PropertyValueSpecification","valueRequired":true,"valueName":"search_term_string"}}],"inLanguage":"fr-FR"},{"@type":"Organization","@id":"https:\/\/delfscolairemb.ca\/#organization","name":"Centre DELF des divisions scolaires du Manitoba","url":"https:\/\/delfscolairemb.ca\/","logo":{"@type":"ImageObject","inLanguage":"fr-FR","@id":"https:\/\/delfscolairemb.ca\/#\/schema\/logo\/image\/","url":"http:\/\/delfscolairemb.ca\/wp-content\/uploads\/2014\/07\/DELF-mb-logo-black-200.png","contentUrl":"http:\/\/delfscolairemb.ca\/wp-content\/uploads\/2014\/07\/DELF-mb-logo-black-200.png","width":200,"height":197,"caption":"Centre DELF des divisions scolaires du Manitoba"},"image":{"@id":"https:\/\/delfscolairemb.ca\/#\/schema\/logo\/image\/"}}]}},"_links":{"self":[{"href":"https:\/\/delfscolairemb.ca\/fr\/wp-json\/wp\/v2\/pages\/461","targetHints":{"allow":["GET"]}}],"collection":[{"href":"https:\/\/delfscolairemb.ca\/fr\/wp-json\/wp\/v2\/pages"}],"about":[{"href":"https:\/\/delfscolairemb.ca\/fr\/wp-json\/wp\/v2\/types\/page"}],"author":[{"embeddable":true,"href":"https:\/\/delfscolairemb.ca\/fr\/wp-json\/wp\/v2\/users\/1"}],"replies":[{"embeddable":true,"href":"https:\/\/delfscolairemb.ca\/fr\/wp-json\/wp\/v2\/comments?post=461"}],"version-history":[{"count":3,"href":"https:\/\/delfscolairemb.ca\/fr\/wp-json\/wp\/v2\/pages\/461\/revisions"}],"predecessor-version":[{"id":566,"href":"https:\/\/delfscolairemb.ca\/fr\/wp-json\/wp\/v2\/pages\/461\/revisions\/566"}],"wp:attachment":[{"href":"https:\/\/delfscolairemb.ca\/fr\/wp-json\/wp\/v2\/media?parent=461"}],"curies":[{"name":"wp","href":"https:\/\/api.w.org\/{rel}","templated":true}]}}